{"id":14,"date":"2024-01-13T11:12:49","date_gmt":"2024-01-13T11:12:49","guid":{"rendered":"https:\/\/uniembaixadores.pt\/NOS\/?page_id=14"},"modified":"2025-05-13T14:46:56","modified_gmt":"2025-05-13T14:46:56","slug":"embaixadores-nos","status":"publish","type":"page","link":"https:\/\/uniembaixadores.pt\/NOS\/","title":{"rendered":"Home"},"content":{"rendered":"","protected":false},"excerpt":{"rendered":"","protected":false},"author":1,"featured_media":0,"parent":0,"menu_order":0,"comment_status":"closed","ping_status":"closed","template":"","meta":{"_et_pb_use_builder":"on","_et_pb_old_content":"","_et_gb_content_width":"","footnotes":""},"class_list":["post-14","page","type-page","status-publish","hentry"],"yoast_head":"<!-- This site is optimized with the Yoast SEO plugin v21.8 - https:\/\/yoast.com\/wordpress\/plugins\/seo\/ -->\n<title>Programa de Embaixadores NOS<\/title>\n<meta name=\"description\" content=\"O Programa de Embaixadores NOS \u00e9 a tua oportunidade de explorar o universo da tecnologia e da inova\u00e7\u00e3o enquanto estudas.\" \/>\n<meta name=\"robots\" content=\"index, follow, max-snippet:-1, max-image-preview:large, max-video-preview:-1\" \/>\n<link rel=\"canonical\" href=\"https:\/\/uniembaixadores.pt\/NOS\/\" \/>\n<meta property=\"og:locale\" content=\"pt_PT\" \/>\n<meta property=\"og:type\" content=\"article\" \/>\n<meta property=\"og:title\" content=\"Programa de Embaixadores NOS\" \/>\n<meta property=\"og:description\" content=\"O Programa de Embaixadores NOS \u00e9 a tua oportunidade de explorar o universo da tecnologia e da inova\u00e7\u00e3o enquanto estudas.\" \/>\n<meta property=\"og:url\" content=\"https:\/\/uniembaixadores.pt\/NOS\/\" \/>\n<meta property=\"og:site_name\" content=\"Embaixadores NOS\" \/>\n<meta property=\"article:publisher\" content=\"https:\/\/www.facebook.com\/nosportugal\/\" \/>\n<meta property=\"article:modified_time\" content=\"2025-05-13T14:46:56+00:00\" \/>\n<meta property=\"og:image\" content=\"https:\/\/uniembaixadores.pt\/NOS\/wp-content\/uploads\/2025\/05\/Metatag-NOS.jpg\" \/>\n\t<meta property=\"og:image:width\" content=\"2500\" \/>\n\t<meta property=\"og:image:height\" content=\"1308\" \/>\n\t<meta property=\"og:image:type\" content=\"image\/jpeg\" \/>\n<meta name=\"twitter:card\" content=\"summary_large_image\" \/>\n<script type=\"application\/ld+json\" class=\"yoast-schema-graph\">{\"@context\":\"https:\/\/schema.org\",\"@graph\":[{\"@type\":\"WebPage\",\"@id\":\"https:\/\/uniembaixadores.pt\/NOS\/\",\"url\":\"https:\/\/uniembaixadores.pt\/NOS\/\",\"name\":\"Programa de Embaixadores NOS\",\"isPartOf\":{\"@id\":\"https:\/\/uniembaixadores.pt\/NOS\/#website\"},\"datePublished\":\"2024-01-13T11:12:49+00:00\",\"dateModified\":\"2025-05-13T14:46:56+00:00\",\"description\":\"O Programa de Embaixadores NOS \u00e9 a tua oportunidade de explorar o universo da tecnologia e da inova\u00e7\u00e3o enquanto estudas.\",\"breadcrumb\":{\"@id\":\"https:\/\/uniembaixadores.pt\/NOS\/#breadcrumb\"},\"inLanguage\":\"pt-PT\",\"potentialAction\":[{\"@type\":\"ReadAction\",\"target\":[\"https:\/\/uniembaixadores.pt\/NOS\/\"]}]},{\"@type\":\"BreadcrumbList\",\"@id\":\"https:\/\/uniembaixadores.pt\/NOS\/#breadcrumb\",\"itemListElement\":[{\"@type\":\"ListItem\",\"position\":1,\"name\":\"In\u00edcio\",\"item\":\"https:\/\/uniembaixadores.pt\/NOS\/\"},{\"@type\":\"ListItem\",\"position\":2,\"name\":\"Home\"}]},{\"@type\":\"WebSite\",\"@id\":\"https:\/\/uniembaixadores.pt\/NOS\/#website\",\"url\":\"https:\/\/uniembaixadores.pt\/NOS\/\",\"name\":\"Programa de Embaixadores NOS\",\"description\":\"O Programa de Embaixadores NOS \u00e9 a tua oportunidade de explorar o universo da tecnologia e da inova\u00e7\u00e3o enquanto estudas.\",\"publisher\":{\"@id\":\"https:\/\/uniembaixadores.pt\/NOS\/#organization\"},\"potentialAction\":[{\"@type\":\"SearchAction\",\"target\":{\"@type\":\"EntryPoint\",\"urlTemplate\":\"https:\/\/uniembaixadores.pt\/NOS\/?s={search_term_string}\"},\"query-input\":\"required name=search_term_string\"}],\"inLanguage\":\"pt-PT\"},{\"@type\":\"Organization\",\"@id\":\"https:\/\/uniembaixadores.pt\/NOS\/#organization\",\"name\":\"NOS\",\"url\":\"https:\/\/uniembaixadores.pt\/NOS\/\",\"logo\":{\"@type\":\"ImageObject\",\"inLanguage\":\"pt-PT\",\"@id\":\"https:\/\/uniembaixadores.pt\/NOS\/#\/schema\/logo\/image\/\",\"url\":\"https:\/\/uniembaixadores.pt\/NOS\/wp-content\/uploads\/2024\/01\/nos-logo.jpeg\",\"contentUrl\":\"https:\/\/uniembaixadores.pt\/NOS\/wp-content\/uploads\/2024\/01\/nos-logo.jpeg\",\"width\":816,\"height\":460,\"caption\":\"NOS\"},\"image\":{\"@id\":\"https:\/\/uniembaixadores.pt\/NOS\/#\/schema\/logo\/image\/\"},\"sameAs\":[\"https:\/\/www.facebook.com\/nosportugal\/\",\"https:\/\/www.linkedin.com\/company\/nos-sgps\/\",\"https:\/\/www.youtube.com\/NOSPortugal\",\"https:\/\/www.instagram.com\/nosportugal\/\"]}]}<\/script>\n<!-- \/ Yoast SEO plugin. -->","yoast_head_json":{"title":"Programa de Embaixadores NOS","description":"O Programa de Embaixadores NOS \u00e9 a tua oportunidade de explorar o universo da tecnologia e da inova\u00e7\u00e3o enquanto estudas.","robots":{"index":"index","follow":"follow","max-snippet":"max-snippet:-1","max-image-preview":"max-image-preview:large","max-video-preview":"max-video-preview:-1"},"canonical":"https:\/\/uniembaixadores.pt\/NOS\/","og_locale":"pt_PT","og_type":"article","og_title":"Programa de Embaixadores NOS","og_description":"O Programa de Embaixadores NOS \u00e9 a tua oportunidade de explorar o universo da tecnologia e da inova\u00e7\u00e3o enquanto estudas.","og_url":"https:\/\/uniembaixadores.pt\/NOS\/","og_site_name":"Embaixadores NOS","article_publisher":"https:\/\/www.facebook.com\/nosportugal\/","article_modified_time":"2025-05-13T14:46:56+00:00","og_image":[{"width":2500,"height":1308,"url":"https:\/\/uniembaixadores.pt\/NOS\/wp-content\/uploads\/2025\/05\/Metatag-NOS.jpg","type":"image\/jpeg"}],"twitter_card":"summary_large_image","schema":{"@context":"https:\/\/schema.org","@graph":[{"@type":"WebPage","@id":"https:\/\/uniembaixadores.pt\/NOS\/","url":"https:\/\/uniembaixadores.pt\/NOS\/","name":"Programa de Embaixadores NOS","isPartOf":{"@id":"https:\/\/uniembaixadores.pt\/NOS\/#website"},"datePublished":"2024-01-13T11:12:49+00:00","dateModified":"2025-05-13T14:46:56+00:00","description":"O Programa de Embaixadores NOS \u00e9 a tua oportunidade de explorar o universo da tecnologia e da inova\u00e7\u00e3o enquanto estudas.","breadcrumb":{"@id":"https:\/\/uniembaixadores.pt\/NOS\/#breadcrumb"},"inLanguage":"pt-PT","potentialAction":[{"@type":"ReadAction","target":["https:\/\/uniembaixadores.pt\/NOS\/"]}]},{"@type":"BreadcrumbList","@id":"https:\/\/uniembaixadores.pt\/NOS\/#breadcrumb","itemListElement":[{"@type":"ListItem","position":1,"name":"In\u00edcio","item":"https:\/\/uniembaixadores.pt\/NOS\/"},{"@type":"ListItem","position":2,"name":"Home"}]},{"@type":"WebSite","@id":"https:\/\/uniembaixadores.pt\/NOS\/#website","url":"https:\/\/uniembaixadores.pt\/NOS\/","name":"Programa de Embaixadores NOS","description":"O Programa de Embaixadores NOS \u00e9 a tua oportunidade de explorar o universo da tecnologia e da inova\u00e7\u00e3o enquanto estudas.","publisher":{"@id":"https:\/\/uniembaixadores.pt\/NOS\/#organization"},"potentialAction":[{"@type":"SearchAction","target":{"@type":"EntryPoint","urlTemplate":"https:\/\/uniembaixadores.pt\/NOS\/?s={search_term_string}"},"query-input":"required name=search_term_string"}],"inLanguage":"pt-PT"},{"@type":"Organization","@id":"https:\/\/uniembaixadores.pt\/NOS\/#organization","name":"NOS","url":"https:\/\/uniembaixadores.pt\/NOS\/","logo":{"@type":"ImageObject","inLanguage":"pt-PT","@id":"https:\/\/uniembaixadores.pt\/NOS\/#\/schema\/logo\/image\/","url":"https:\/\/uniembaixadores.pt\/NOS\/wp-content\/uploads\/2024\/01\/nos-logo.jpeg","contentUrl":"https:\/\/uniembaixadores.pt\/NOS\/wp-content\/uploads\/2024\/01\/nos-logo.jpeg","width":816,"height":460,"caption":"NOS"},"image":{"@id":"https:\/\/uniembaixadores.pt\/NOS\/#\/schema\/logo\/image\/"},"sameAs":["https:\/\/www.facebook.com\/nosportugal\/","https:\/\/www.linkedin.com\/company\/nos-sgps\/","https:\/\/www.youtube.com\/NOSPortugal","https:\/\/www.instagram.com\/nosportugal\/"]}]}},"_links":{"self":[{"href":"https:\/\/uniembaixadores.pt\/NOS\/index.php\/wp-json\/wp\/v2\/pages\/14","targetHints":{"allow":["GET"]}}],"collection":[{"href":"https:\/\/uniembaixadores.pt\/NOS\/index.php\/wp-json\/wp\/v2\/pages"}],"about":[{"href":"https:\/\/uniembaixadores.pt\/NOS\/index.php\/wp-json\/wp\/v2\/types\/page"}],"author":[{"embeddable":true,"href":"https:\/\/uniembaixadores.pt\/NOS\/index.php\/wp-json\/wp\/v2\/users\/1"}],"replies":[{"embeddable":true,"href":"https:\/\/uniembaixadores.pt\/NOS\/index.php\/wp-json\/wp\/v2\/comments?post=14"}],"version-history":[{"count":5,"href":"https:\/\/uniembaixadores.pt\/NOS\/index.php\/wp-json\/wp\/v2\/pages\/14\/revisions"}],"predecessor-version":[{"id":525,"href":"https:\/\/uniembaixadores.pt\/NOS\/index.php\/wp-json\/wp\/v2\/pages\/14\/revisions\/525"}],"wp:attachment":[{"href":"https:\/\/uniembaixadores.pt\/NOS\/index.php\/wp-json\/wp\/v2\/media?parent=14"}],"curies":[{"name":"wp","href":"https:\/\/api.w.org\/{rel}","templated":true}]}}